{"id":9,"date":"2017-03-10T10:23:46","date_gmt":"2017-03-10T10:23:46","guid":{"rendered":"http:\/\/ludonendaz.ch\/?page_id=9"},"modified":"2025-02-14T15:30:24","modified_gmt":"2025-02-14T15:30:24","slug":"reglement-et-fonctionnement","status":"publish","type":"page","link":"https:\/\/ludonendaz.ch\/?page_id=9","title":{"rendered":"R\u00e8glement"},"content":{"rendered":"<div class=\"wa-comp wa-text wa-bg-gradient param[grad(rgba(0,0,0,0)) border(0 #969696)] \">\n<p align=\"left\"><strong>R\u00e9sum\u00e9 de notre r\u00e8glement :<\/strong><\/p>\n<p>&#8211; L&rsquo;abonnement annuel co\u00fbte 20.- par famille.<\/p>\n<p align=\"left\">&#8211; Vous pouvez louer\u00a0des jeux pour\u00a0une dur\u00e9e de 4\u00a0semaines<\/p>\n<p align=\"left\">&#8211; Les locations des jeux sont fix\u00e9s entre 1.- et 10.-, selon la valeur du jeu<\/p>\n<p align=\"left\">&#8211; En cas de retard, une amende de 2.- est per\u00e7ue par jeu et par semaine de retard.<\/p>\n<p align=\"left\">&#8211; Veuillez v\u00e9rifier que le jeu est complet et en bon \u00e9tat et si ce n&rsquo;est pas le cas, le signaler \u00e0 la ludoth\u00e8que.<\/p>\n<p>Pour lire le r\u00e8glement complet cliquer sur l&rsquo;image :<\/p>\n<\/div>\n<div class=\"wa-comp wa-text wa-bg-gradient param[grad(rgba(0,0,0,0)) border(0 #969696)] \">\n<p align=\"left\"><a href=\"http:\/\/ludonendaz.ch\/wp-content\/uploads\/2017\/03\/R\u00e8glement-1.pdf\"><img loading=\"lazy\" decoding=\"async\" class=\"alignnone wp-image-121 size-full\" src=\"http:\/\/ludonendaz.ch\/wp-content\/uploads\/2017\/03\/icon-livre.png\" alt=\"\" width=\"267\" height=\"267\" srcset=\"https:\/\/ludonendaz.ch\/wp-content\/uploads\/2017\/03\/icon-livre.png 267w, https:\/\/ludonendaz.ch\/wp-content\/uploads\/2017\/03\/icon-livre-150x150.png 150w\" sizes=\"auto, (max-width: 267px) 100vw, 267px\" \/><\/a><\/p>\n<\/div>\n","protected":false},"excerpt":{"rendered":"<p>R\u00e9sum\u00e9 de notre r\u00e8glement : &#8211; L&rsquo;abonnement annuel co\u00fbte 20.- par famille. &#8211; Vous pouvez louer\u00a0des jeux pour\u00a0une dur\u00e9e de 4\u00a0semaines &#8211; Les locations des jeux sont fix\u00e9s entre 1.- et 10.-, selon la valeur du jeu &#8211; En cas de retard, une amende de 2.- est per\u00e7ue par jeu et par semaine de retard. [&hellip;]<\/p>\n","protected":false},"author":1,"featured_media":0,"parent":0,"menu_order":0,"comment_status":"closed","ping_status":"closed","template":"template-full-width.php","meta":{"footnotes":""},"class_list":["post-9","page","type-page","status-publish","hentry"],"_links":{"self":[{"href":"https:\/\/ludonendaz.ch\/index.php?rest_route=\/wp\/v2\/pages\/9","targetHints":{"allow":["GET"]}}],"collection":[{"href":"https:\/\/ludonendaz.ch\/index.php?rest_route=\/wp\/v2\/pages"}],"about":[{"href":"https:\/\/ludonendaz.ch\/index.php?rest_route=\/wp\/v2\/types\/page"}],"author":[{"embeddable":true,"href":"https:\/\/ludonendaz.ch\/index.php?rest_route=\/wp\/v2\/users\/1"}],"replies":[{"embeddable":true,"href":"https:\/\/ludonendaz.ch\/index.php?rest_route=%2Fwp%2Fv2%2Fcomments&post=9"}],"version-history":[{"count":28,"href":"https:\/\/ludonendaz.ch\/index.php?rest_route=\/wp\/v2\/pages\/9\/revisions"}],"predecessor-version":[{"id":830,"href":"https:\/\/ludonendaz.ch\/index.php?rest_route=\/wp\/v2\/pages\/9\/revisions\/830"}],"wp:attachment":[{"href":"https:\/\/ludonendaz.ch\/index.php?rest_route=%2Fwp%2Fv2%2Fmedia&parent=9"}],"curies":[{"name":"wp","href":"https:\/\/api.w.org\/{rel}","templated":true}]}}