{"id":147,"date":"2017-03-27T09:17:00","date_gmt":"2017-03-27T09:17:00","guid":{"rendered":"http:\/\/ludonendaz.ch\/?page_id=147"},"modified":"2026-01-12T14:57:43","modified_gmt":"2026-01-12T14:57:43","slug":"animations","status":"publish","type":"page","link":"https:\/\/ludonendaz.ch\/?page_id=147","title":{"rendered":"Animations"},"content":{"rendered":"<p><span style=\"color: #000000;\"><strong>R\u00e9sum\u00e9 des animations 2025 :<\/strong><\/span><\/p>\n<div class=\"wa-comp wa-text wa-bg-gradient param[grad(rgba(0,0,0,0)) border(0 #969696)] \">\n<p><strong><span style=\"color: #ff9900;\">Les P&rsquo;tits Joueurs <span style=\"color: #000000;\">:<\/span><\/span> <\/strong><span style=\"color: #000000;\">tous les\u00a02\u00e8mes mardis du mois, de 9h30 \u00e0 11h00<\/span><\/p>\n<p align=\"left\"><span style=\"color: #ff9900;\"><strong>Soir\u00e9e jeux\u00a0<span style=\"color: #000000;\">:\u00a0<\/span><\/strong><span style=\"color: #000000;\">1 vendredi par mois d\u00e8s 19h00 selon calendrier ci-dessus<\/span><\/span><\/p>\n<p align=\"left\"><strong><span style=\"color: #ff9900;\">LOTO DES ENFANTS :<\/span> <span style=\"color: #000000;\">27 septembre 2026<\/span><\/strong><\/p>\n<p align=\"left\"><span style=\"color: #000000;\">Tout au long de l&rsquo;ann\u00e9e : Animations pour les<\/span> <strong><span style=\"color: #ff9900;\">\u00e9coles\u00a0<\/span><\/strong><\/p>\n<\/div>\n","protected":false},"excerpt":{"rendered":"<p>R\u00e9sum\u00e9 des animations 2025 : Les P&rsquo;tits Joueurs : tous les\u00a02\u00e8mes mardis du mois, de 9h30 \u00e0 11h00 Soir\u00e9e jeux\u00a0:\u00a01 vendredi par mois d\u00e8s 19h00 selon calendrier ci-dessus LOTO DES ENFANTS : 27 septembre 2026 Tout au long de l&rsquo;ann\u00e9e : Animations pour les \u00e9coles\u00a0<\/p>\n","protected":false},"author":1,"featured_media":884,"parent":0,"menu_order":0,"comment_status":"closed","ping_status":"closed","template":"","meta":{"footnotes":""},"class_list":["post-147","page","type-page","status-publish","has-post-thumbnail","hentry"],"_links":{"self":[{"href":"https:\/\/ludonendaz.ch\/index.php?rest_route=\/wp\/v2\/pages\/147","targetHints":{"allow":["GET"]}}],"collection":[{"href":"https:\/\/ludonendaz.ch\/index.php?rest_route=\/wp\/v2\/pages"}],"about":[{"href":"https:\/\/ludonendaz.ch\/index.php?rest_route=\/wp\/v2\/types\/page"}],"author":[{"embeddable":true,"href":"https:\/\/ludonendaz.ch\/index.php?rest_route=\/wp\/v2\/users\/1"}],"replies":[{"embeddable":true,"href":"https:\/\/ludonendaz.ch\/index.php?rest_route=%2Fwp%2Fv2%2Fcomments&post=147"}],"version-history":[{"count":54,"href":"https:\/\/ludonendaz.ch\/index.php?rest_route=\/wp\/v2\/pages\/147\/revisions"}],"predecessor-version":[{"id":886,"href":"https:\/\/ludonendaz.ch\/index.php?rest_route=\/wp\/v2\/pages\/147\/revisions\/886"}],"wp:featuredmedia":[{"embeddable":true,"href":"https:\/\/ludonendaz.ch\/index.php?rest_route=\/wp\/v2\/media\/884"}],"wp:attachment":[{"href":"https:\/\/ludonendaz.ch\/index.php?rest_route=%2Fwp%2Fv2%2Fmedia&parent=147"}],"curies":[{"name":"wp","href":"https:\/\/api.w.org\/{rel}","templated":true}]}}